{"id":10906,"date":"2023-02-14T11:37:18","date_gmt":"2023-02-14T09:37:18","guid":{"rendered":"https:\/\/masramoneda.vunkers.com\/?page_id=10906"},"modified":"2023-02-14T11:37:19","modified_gmt":"2023-02-14T09:37:19","slug":"aviso-legal","status":"publish","type":"page","link":"https:\/\/masramoneda.com\/es\/aviso-legal\/","title":{"rendered":"AVISO LEGAL"},"content":{"rendered":"\n<p><strong>Titularidad de la p\u00e1gina web.<\/strong><\/p>\n\n\n\n<p>CELLER MAS RAMONEDA S.L.<\/p>\n\n\n\n<p>B25701665<\/p>\n\n\n\n<p>C\/ Ponent s\/n<\/p>\n\n\n\n<p>Artesa de Segre<\/p>\n\n\n\n<p>25730 Lleida<\/p>\n\n\n\n<p><strong>Condiciones de uso del sitio web:<\/strong><\/p>\n\n\n\n<p>Al usar el sitio web www.masramoneda.com, se entiende que el usuario ha le\u00eddo, entendido y aceptado \u00edntegramente y sin reservas este aviso legal, las condiciones de uso, la pol\u00edtica de privacidad y dem\u00e1s avisos o instrucciones que figuran en este sitio web, comprometi\u00e9ndose a hacer un buen uso del mismo conforme a la ley.<\/p>\n\n\n\n<p>CELLER MAS RAMONEDA S.L. se reserva el derecho de modificar en cualquier momento los contenidos, informaciones, los t\u00e9rminos de este sitio web, de las presentes condiciones de uso, pol\u00edticas de privacidad y dem\u00e1s avisos legales. En este caso, informaremos a los usuarios a trav\u00e9s del sitio web.<\/p>\n\n\n\n<p>En el sitio web www.masramoneda.com pueden existir enlaces a otros sitios o p\u00e1ginas web de terceros si bien no asume ning\u00fan tipo de responsabilidad sobre ellos ya que no tiene ning\u00fan tipo de control sobre los mismos. Por ello, el usuario accede bajo su exclusiva responsabilidad tanto al contenido que ofrecen como a sus condiciones de uso.<\/p>\n\n\n\n<p>CELLER MAS RAMONEDA S.L. podr\u00e1 en todo momento y sin previo aviso, modificar las presentes condiciones generales y las condiciones particulares que se incluyan mediante la publicaci\u00f3n de las citadas modificaciones en la p\u00e1gina Web a fin de que sean conocidas con car\u00e1cter previo por los usuarios.<\/p>\n\n\n\n<p><strong>Derechos de autor y propiedad intelectual<\/strong><\/p>\n\n\n\n<p>El usuario reconoce y acepta que todas las marcas, nombres comerciales o signos distintivos, contenidos, todos los derechos de propiedad industrial e intelectual, y\/o cualesquiera otros elementos insertados en este sitio web, son propiedad exclusiva de CELLER MAS RAMONEDA S.L. y\/o de terceros, quienes tiene el derecho exclusivo de utilizarlos en el tr\u00e1fico econ\u00f3mico.<\/p>\n\n\n\n<p>En ning\u00fan caso el acceso a la p\u00e1gina web implica ning\u00fan tipo de renuncia, transmisi\u00f3n, licencia o cesi\u00f3n total ni parcial de dichos derechos, salvo que se establezca expresamente lo contrario.<\/p>\n\n\n\n<p>El contenido de este sitio web no podr\u00e1 ser reproducido ni en todo ni en parte, ni transmitido, ni registrado por ning\u00fan sistema de recuperaci\u00f3n de informaci\u00f3n, en ninguna forma ni en ning\u00fan medio, a menos que se cuente con la autorizaci\u00f3n previa, por escrito, de la citada Entidad.<\/p>\n\n\n\n<p>CELLER MAS RAMONEDA S.L. es titular de los elementos que integran el dise\u00f1o gr\u00e1fico de su sitio web, los men\u00fas, el c\u00f3digo HTML, los textos, marcas, logotipos, combinaciones de colores, botones, im\u00e1genes, gr\u00e1ficos y cualquier otro contenido del sitio web, as\u00ed como de la estructura, selecci\u00f3n, ordenaci\u00f3n y presentaci\u00f3n de sus contenidos o, en cualquier caso dispone de la correspondiente autorizaci\u00f3n para la utilizaci\u00f3n de dichos elementos.<\/p>\n\n\n\n<p>Se proh\u00edbe expresamente al usuario que utilice el sitio web con fines il\u00edcitos, prohibidos, lesivos de derechos de terceros o que puedan, de cualquier forma, da\u00f1ar la marca, la imagen o reputaci\u00f3n de CELLER MAS RAMONEDA S.L.<\/p>\n\n\n\n<p><strong>Acceso y contrase\u00f1as<\/strong><\/p>\n\n\n\n<p>Los datos de los Usuarios obtenidos a trav\u00e9s de la suscripci\u00f3n a la presente Web, est\u00e1n protegidos mediante contrase\u00f1as elegidas por ellos mismos. El Usuario se compromete a mantener su contrase\u00f1a en secreto y a protegerla de usos no autorizados por terceros. En el caso de que fuera revelada a terceros, el Usuario ser\u00e1 responsable del uso que hagan del servicio estos terceros. Asimismo, deber\u00e1 notificar a CELLER MAS RAMONEDA S.L. inmediatamente cualquier uso no consentido de su cuenta o cualquier violaci\u00f3n de la seguridad relacionada con el servicio de la p\u00e1gina web, de la que haya tenido conocimiento.<\/p>\n\n\n\n<p>CELLER MAS RAMONEDA S.L. no se hace responsable frente a los Usuarios, por la revelaci\u00f3n de sus datos personales a terceros que no sea debida a causas directamente imputables a la empresa, ni por el uso que de tales datos hagan terceros ajenos a la misma.<\/p>\n\n\n\n<p><strong>Protecci\u00f3n de datos de car\u00e1cter personal<\/strong><\/p>\n\n\n\n<p>En el sitio web www.masramoneda.com se recaban datos personales a trav\u00e9s de varias v\u00edas, ya sea en formularios o a trav\u00e9s de direcciones de correo electr\u00f3nico habilitadas para establecer contacto con nosotros.<\/p>\n\n\n\n<p>Tales datos ser\u00e1n tratados respetando la normativa vigente en cada momento en materia de protecci\u00f3n de datos de car\u00e1cter personal, y de acuerdo con la pol\u00edtica de privacidad descrita en el presente sitio web, que los usuarios deber\u00e1n leer antes de facilitar sus datos. En todo caso, en los formularios utilizados para recabar datos de car\u00e1cter personal se han habilitado cl\u00e1usulas informativas sobre el tratamiento que se hace de los mismos.<\/p>\n\n\n\n<p><strong>Comunicaciones comerciales<\/strong><\/p>\n\n\n\n<p>De acuerdo con lo dispuesto por la Ley 34\/2002, de 11 de julio, de Servicios de la Sociedad de la Informaci\u00f3n y de Comercio Electr\u00f3nico y de la Ley 56\/2007, de 28 de diciembre, de Medidas de Impulso de la Sociedad de la Informaci\u00f3n que la modifica, se informa a los usuarios del sitio web www.masramoneda.com que no se les enviar\u00e1 publicidad o comunicaciones comerciales por correo electr\u00f3nico u otros medios de comunicaci\u00f3n electr\u00f3nica equivalentes sin su previa solicitud o consentimiento, que ser\u00e1 obtenido a trav\u00e9s de los correspondientes formularios habilitados al efecto.<\/p>\n\n\n\n<p>En todo caso los usuarios pondr\u00e1n oponerse o manifestar su negativa a la recepci\u00f3n de informaci\u00f3n comercial por medios electr\u00f3nicos enviando un correo a info@masramoneda.com, facilit\u00e1ndose esta posibilidad en cada comunicaci\u00f3n que se le env\u00ede.<\/p>\n\n\n\n<p><strong>Responsabilidad del titular del sitio web<\/strong><\/p>\n\n\n\n<p>CELLER MAS RAMONEDA S.L. no garantiza la ausencia de virus ni de otros elementos en los contenidos, por lo que no asume ninguna responsabilidad por da\u00f1os que se puedan causar en los equipos o sistemas de los usuarios por posibles virus inform\u00e1ticos que se hubieran podido contraer por la navegaci\u00f3n del usuario en el sitio web.<\/p>\n\n\n\n<p>Del mismo modo, el titular del sitio web www.masramoneda.com tampoco controla ni garantiza el acceso continuado, ni la correcta visualizaci\u00f3n, descarga o utilidad de los elementos e informaciones contenidas en su sitio web, que pueden verse impedidos, dificultados o interrumpidos por factores o circunstancias que est\u00e1n fuera de su control y no se hace responsable en caso de existir interrupciones del servicio, demoras o mal funcionamiento cuando se deban a causas ajenas al control de la empresa, por fuerza mayor, ni la que se deba a una actuaci\u00f3n dolosa o culposa por parte del usuario.<\/p>\n\n\n\n<p>CELLER MAS RAMONEDA S.L. no asume ninguna responsabilidad por la informaci\u00f3n que sobre nosotros pueda existir en de sitios web de terceros ni a la que se puede acceder a trav\u00e9s de buscadores o de enlaces de terceros a nuestro sitio web www.masramoneda.com.<\/p>\n\n\n\n<p><strong>Enlaces desde otros sitios web a www.masramoneda.com<\/strong><\/p>\n\n\n\n<p>Las personas o entidades que pretendan realizar o realicen un \u201chiperenlace\u201d desde una p\u00e1gina web ajena a CELLER MAS RAMONEDA S.L. a cualquiera de las p\u00e1ginas de www.masramoneda.com deber\u00e1n someterse a las siguientes condiciones:<\/p>\n\n\n\n<p>No se permite la reproducci\u00f3n ni total ni parcial de ninguno de los servicios ni contenidos de www.masramoneda.com.<\/p>\n\n\n\n<p>No se incluir\u00e1 ninguna manifestaci\u00f3n falsa, inexacta o incorrecta sobre las p\u00e1ginas de www.masramoneda.com ni sobre los servicios o contenidos del mismo.<\/p>\n\n\n\n<p>El establecimiento del &#8220;hiperenlace&#8221; no implicar\u00e1 la existencia de relaciones entre CELLER MAS RAMONEDA S.L. y el titular de la p\u00e1gina web o del portal desde el cual se realice, ni el conocimiento y aceptaci\u00f3n de CELLER MAS RAMONEDA S.L. de los servicios y contenidos ofrecidos en dicho portal.<\/p>\n\n\n\n<p>CELLER MAS RAMONEDA S.L. no ser\u00e1 responsable de los contenidos o servicios puestos a disposici\u00f3n del p\u00fablico en la p\u00e1gina web o portal desde el cual se realice el &#8220;hiperenlace&#8221; ni de las informaciones y manifestaciones incluidas en las mismas.<\/p>\n\n\n\n<p><strong>Cookies<\/strong><\/p>\n\n\n\n<p>Los cookies son ficheros de texto de peque\u00f1o tama\u00f1o que se almacenan en el disco duro o en la memoria del ordenador que accede o visita las p\u00e1ginas de determinados sitios web, de forma que se puedan conocer las preferencias del usuario al volver a conectarse. Las cookies almacenadas en el disco duro del usuario no pueden leer los datos contenidos en \u00e9l, acceder a informaci\u00f3n personal ni leer las cookies creadas por otros proveedores.<\/p>\n\n\n\n<p><strong>Informaci\u00f3n sobre redes sociales<\/strong><\/p>\n\n\n\n<p>Ver informaci\u00f3n detallada en el apartado &#8220;Pol\u00edtica de Privacidad&#8221;.<\/p>\n\n\n\n<p><strong>Legislaci\u00f3n aplicable y jurisdicci\u00f3n<\/strong><\/p>\n\n\n\n<p>La actividad desarrollada a trav\u00e9s del sitio web www.masramoneda.com est\u00e1 sometida a la legislaci\u00f3n espa\u00f1ola vigente que resulte de aplicaci\u00f3n.<\/p>\n\n\n\n<p>Para cualquier controversia o conflicto que resulte entre CELLER MAS RAMONEDA S.L. y los usuarios del sitio web www.masramoneda.com, las partes acuerdan expresamente someterse a la competencia de los Juzgados y Tribunales de Espa\u00f1a, concretamente los de la ciudad de Lleida, con renuncia expresa a su fuero propio si lo tuvieren.<\/p>\n","protected":false},"excerpt":{"rendered":"<p>Titularidad de la p\u00e1gina web. CELLER MAS RAMONEDA S.L. B25701665 C\/ Ponent s\/n Artesa de Segre 25730 Lleida Condiciones de uso del sitio web: Al usar el sitio web www.masramoneda.com, se entiende que el usuario ha le\u00eddo, entendido y aceptado \u00edntegramente y sin reservas este aviso legal, las condiciones de uso, la pol\u00edtica de privacidad [&hellip;]<\/p>\n","protected":false},"author":1,"featured_media":0,"parent":0,"menu_order":0,"comment_status":"closed","ping_status":"closed","template":"","meta":{"footnotes":""},"class_list":["post-10906","page","type-page","status-publish","hentry"],"yoast_head":"<!-- This site is optimized with the Yoast SEO plugin v27.3 - https:\/\/yoast.com\/product\/yoast-seo-wordpress\/ -->\n<title>AVISO LEGAL - Celler Mas Ramoneda<\/title>\n<meta name=\"robots\" content=\"index, follow, max-snippet:-1, max-image-preview:large, max-video-preview:-1\" \/>\n<link rel=\"canonical\" href=\"https:\/\/masramoneda.com\/es\/aviso-legal\/\" \/>\n<meta property=\"og:locale\" content=\"es_ES\" \/>\n<meta property=\"og:type\" content=\"article\" \/>\n<meta property=\"og:title\" content=\"AVISO LEGAL - Celler Mas Ramoneda\" \/>\n<meta property=\"og:description\" content=\"Titularidad de la p\u00e1gina web. CELLER MAS RAMONEDA S.L. B25701665 C\/ Ponent s\/n Artesa de Segre 25730 Lleida Condiciones de uso del sitio web: Al usar el sitio web www.masramoneda.com, se entiende que el usuario ha le\u00eddo, entendido y aceptado \u00edntegramente y sin reservas este aviso legal, las condiciones de uso, la pol\u00edtica de privacidad [&hellip;]\" \/>\n<meta property=\"og:url\" content=\"https:\/\/masramoneda.com\/es\/aviso-legal\/\" \/>\n<meta property=\"og:site_name\" content=\"Celler Mas Ramoneda\" \/>\n<meta property=\"article:publisher\" content=\"https:\/\/www.facebook.com\/masramoneda\" \/>\n<meta property=\"article:modified_time\" content=\"2023-02-14T09:37:19+00:00\" \/>\n<meta name=\"twitter:card\" content=\"summary_large_image\" \/>\n<meta name=\"twitter:label1\" content=\"Tiempo de lectura\" \/>\n\t<meta name=\"twitter:data1\" content=\"8 minutos\" \/>\n<script type=\"application\/ld+json\" class=\"yoast-schema-graph\">{\"@context\":\"https:\\\/\\\/schema.org\",\"@graph\":[{\"@type\":\"WebPage\",\"@id\":\"https:\\\/\\\/masramoneda.com\\\/es\\\/aviso-legal\\\/\",\"url\":\"https:\\\/\\\/masramoneda.com\\\/es\\\/aviso-legal\\\/\",\"name\":\"AVISO LEGAL - Celler Mas Ramoneda\",\"isPartOf\":{\"@id\":\"https:\\\/\\\/masramoneda.com\\\/es\\\/#website\"},\"datePublished\":\"2023-02-14T09:37:18+00:00\",\"dateModified\":\"2023-02-14T09:37:19+00:00\",\"breadcrumb\":{\"@id\":\"https:\\\/\\\/masramoneda.com\\\/es\\\/aviso-legal\\\/#breadcrumb\"},\"inLanguage\":\"es\",\"potentialAction\":[{\"@type\":\"ReadAction\",\"target\":[\"https:\\\/\\\/masramoneda.com\\\/es\\\/aviso-legal\\\/\"]}]},{\"@type\":\"BreadcrumbList\",\"@id\":\"https:\\\/\\\/masramoneda.com\\\/es\\\/aviso-legal\\\/#breadcrumb\",\"itemListElement\":[{\"@type\":\"ListItem\",\"position\":1,\"name\":\"Inicio\",\"item\":\"https:\\\/\\\/masramoneda.com\\\/es\\\/\"},{\"@type\":\"ListItem\",\"position\":2,\"name\":\"AVISO LEGAL\"}]},{\"@type\":\"WebSite\",\"@id\":\"https:\\\/\\\/masramoneda.com\\\/es\\\/#website\",\"url\":\"https:\\\/\\\/masramoneda.com\\\/es\\\/\",\"name\":\"Celler Mas Ramoneda\",\"description\":\"\",\"publisher\":{\"@id\":\"https:\\\/\\\/masramoneda.com\\\/es\\\/#organization\"},\"potentialAction\":[{\"@type\":\"SearchAction\",\"target\":{\"@type\":\"EntryPoint\",\"urlTemplate\":\"https:\\\/\\\/masramoneda.com\\\/es\\\/?s={search_term_string}\"},\"query-input\":{\"@type\":\"PropertyValueSpecification\",\"valueRequired\":true,\"valueName\":\"search_term_string\"}}],\"inLanguage\":\"es\"},{\"@type\":\"Organization\",\"@id\":\"https:\\\/\\\/masramoneda.com\\\/es\\\/#organization\",\"name\":\"Celler Mas Ramoneda\",\"url\":\"https:\\\/\\\/masramoneda.com\\\/es\\\/\",\"logo\":{\"@type\":\"ImageObject\",\"inLanguage\":\"es\",\"@id\":\"https:\\\/\\\/masramoneda.com\\\/es\\\/#\\\/schema\\\/logo\\\/image\\\/\",\"url\":\"https:\\\/\\\/masramoneda.com\\\/wp-content\\\/uploads\\\/2023\\\/02\\\/celler-mas-ramoneda-logo.png\",\"contentUrl\":\"https:\\\/\\\/masramoneda.com\\\/wp-content\\\/uploads\\\/2023\\\/02\\\/celler-mas-ramoneda-logo.png\",\"width\":225,\"height\":96,\"caption\":\"Celler Mas Ramoneda\"},\"image\":{\"@id\":\"https:\\\/\\\/masramoneda.com\\\/es\\\/#\\\/schema\\\/logo\\\/image\\\/\"},\"sameAs\":[\"https:\\\/\\\/www.facebook.com\\\/masramoneda\",\"https:\\\/\\\/www.instagram.com\\\/masramoneda\\\/\",\"https:\\\/\\\/www.linkedin.com\\\/company\\\/masramoneda\\\/\"]}]}<\/script>\n<!-- \/ Yoast SEO plugin. -->","yoast_head_json":{"title":"AVISO LEGAL - Celler Mas Ramoneda","robots":{"index":"index","follow":"follow","max-snippet":"max-snippet:-1","max-image-preview":"max-image-preview:large","max-video-preview":"max-video-preview:-1"},"canonical":"https:\/\/masramoneda.com\/es\/aviso-legal\/","og_locale":"es_ES","og_type":"article","og_title":"AVISO LEGAL - Celler Mas Ramoneda","og_description":"Titularidad de la p\u00e1gina web. CELLER MAS RAMONEDA S.L. B25701665 C\/ Ponent s\/n Artesa de Segre 25730 Lleida Condiciones de uso del sitio web: Al usar el sitio web www.masramoneda.com, se entiende que el usuario ha le\u00eddo, entendido y aceptado \u00edntegramente y sin reservas este aviso legal, las condiciones de uso, la pol\u00edtica de privacidad [&hellip;]","og_url":"https:\/\/masramoneda.com\/es\/aviso-legal\/","og_site_name":"Celler Mas Ramoneda","article_publisher":"https:\/\/www.facebook.com\/masramoneda","article_modified_time":"2023-02-14T09:37:19+00:00","twitter_card":"summary_large_image","twitter_misc":{"Tiempo de lectura":"8 minutos"},"schema":{"@context":"https:\/\/schema.org","@graph":[{"@type":"WebPage","@id":"https:\/\/masramoneda.com\/es\/aviso-legal\/","url":"https:\/\/masramoneda.com\/es\/aviso-legal\/","name":"AVISO LEGAL - Celler Mas Ramoneda","isPartOf":{"@id":"https:\/\/masramoneda.com\/es\/#website"},"datePublished":"2023-02-14T09:37:18+00:00","dateModified":"2023-02-14T09:37:19+00:00","breadcrumb":{"@id":"https:\/\/masramoneda.com\/es\/aviso-legal\/#breadcrumb"},"inLanguage":"es","potentialAction":[{"@type":"ReadAction","target":["https:\/\/masramoneda.com\/es\/aviso-legal\/"]}]},{"@type":"BreadcrumbList","@id":"https:\/\/masramoneda.com\/es\/aviso-legal\/#breadcrumb","itemListElement":[{"@type":"ListItem","position":1,"name":"Inicio","item":"https:\/\/masramoneda.com\/es\/"},{"@type":"ListItem","position":2,"name":"AVISO LEGAL"}]},{"@type":"WebSite","@id":"https:\/\/masramoneda.com\/es\/#website","url":"https:\/\/masramoneda.com\/es\/","name":"Celler Mas Ramoneda","description":"","publisher":{"@id":"https:\/\/masramoneda.com\/es\/#organization"},"potentialAction":[{"@type":"SearchAction","target":{"@type":"EntryPoint","urlTemplate":"https:\/\/masramoneda.com\/es\/?s={search_term_string}"},"query-input":{"@type":"PropertyValueSpecification","valueRequired":true,"valueName":"search_term_string"}}],"inLanguage":"es"},{"@type":"Organization","@id":"https:\/\/masramoneda.com\/es\/#organization","name":"Celler Mas Ramoneda","url":"https:\/\/masramoneda.com\/es\/","logo":{"@type":"ImageObject","inLanguage":"es","@id":"https:\/\/masramoneda.com\/es\/#\/schema\/logo\/image\/","url":"https:\/\/masramoneda.com\/wp-content\/uploads\/2023\/02\/celler-mas-ramoneda-logo.png","contentUrl":"https:\/\/masramoneda.com\/wp-content\/uploads\/2023\/02\/celler-mas-ramoneda-logo.png","width":225,"height":96,"caption":"Celler Mas Ramoneda"},"image":{"@id":"https:\/\/masramoneda.com\/es\/#\/schema\/logo\/image\/"},"sameAs":["https:\/\/www.facebook.com\/masramoneda","https:\/\/www.instagram.com\/masramoneda\/","https:\/\/www.linkedin.com\/company\/masramoneda\/"]}]}},"_links":{"self":[{"href":"https:\/\/masramoneda.com\/es\/wp-json\/wp\/v2\/pages\/10906","targetHints":{"allow":["GET"]}}],"collection":[{"href":"https:\/\/masramoneda.com\/es\/wp-json\/wp\/v2\/pages"}],"about":[{"href":"https:\/\/masramoneda.com\/es\/wp-json\/wp\/v2\/types\/page"}],"author":[{"embeddable":true,"href":"https:\/\/masramoneda.com\/es\/wp-json\/wp\/v2\/users\/1"}],"replies":[{"embeddable":true,"href":"https:\/\/masramoneda.com\/es\/wp-json\/wp\/v2\/comments?post=10906"}],"version-history":[{"count":1,"href":"https:\/\/masramoneda.com\/es\/wp-json\/wp\/v2\/pages\/10906\/revisions"}],"predecessor-version":[{"id":10907,"href":"https:\/\/masramoneda.com\/es\/wp-json\/wp\/v2\/pages\/10906\/revisions\/10907"}],"wp:attachment":[{"href":"https:\/\/masramoneda.com\/es\/wp-json\/wp\/v2\/media?parent=10906"}],"curies":[{"name":"wp","href":"https:\/\/api.w.org\/{rel}","templated":true}]}}