{"id":11506,"date":"2024-12-09T20:21:06","date_gmt":"2024-12-09T18:21:06","guid":{"rendered":"https:\/\/masramoneda.com\/?post_type=product&#038;p=11506"},"modified":"2026-03-30T12:05:36","modified_gmt":"2026-03-30T10:05:36","slug":"vola-vola-papallona-blanc","status":"publish","type":"product","link":"https:\/\/masramoneda.com\/es\/producto\/vola-vola-papallona-blanc\/","title":{"rendered":"Vola Vola Papallona (Blanco)"},"content":{"rendered":"<p class=\"p1\"><strong>Color<\/strong><\/p>\n<p>Amarillo p\u00e1lido con reflejos dorados brillantes.<\/p>\n<p><strong>Aroma<\/strong><\/p>\n<p>Notas de frutas blancas como nectarinas y melocot\u00f3n, combinadas con sutiles toques tropicales de pi\u00f1a y pl\u00e1tano.<\/p>\n<p><strong>Gusto<\/strong><\/p>\n<p>Vino afrutado, fresco y envolvente, con un toque dulce en su entrada, un acabado seco por la malvasia y una mantecosidad sutil al fondo del paladar.<\/p>\n","protected":false},"excerpt":{"rendered":"<p class=\"p1\">El <i>Vola Vola Papallona Blanco<\/i> es un vino blanco joven de la a\u00f1ada 2022 elaborado con Garnacha Blanca y Viognier. Destaca por su frescura, caracter\u00edstica de la garnacha blanca, y su gusto afrutado, que se alarga elegantemente en el paladar.<\/p>\n","protected":false},"featured_media":11743,"template":"","meta":[],"product_brand":[],"product_cat":[61],"product_tag":[],"class_list":{"0":"post-11506","1":"product","2":"type-product","3":"status-publish","4":"has-post-thumbnail","6":"product_cat-nuestros-vinos","9":"first","10":"instock","11":"taxable","12":"shipping-taxable","13":"purchasable","14":"product-type-simple"},"yoast_head":"<!-- This site is optimized with the Yoast SEO plugin v27.3 - https:\/\/yoast.com\/product\/yoast-seo-wordpress\/ -->\n<title>Vola Vola Papallona (Blanco) - Celler Mas Ramoneda<\/title>\n<meta name=\"robots\" content=\"index, follow, max-snippet:-1, max-image-preview:large, max-video-preview:-1\" \/>\n<link rel=\"canonical\" href=\"https:\/\/masramoneda.com\/es\/producto\/vola-vola-papallona-blanc\/\" \/>\n<meta property=\"og:locale\" content=\"es_ES\" \/>\n<meta property=\"og:type\" content=\"article\" \/>\n<meta property=\"og:title\" content=\"Vola Vola Papallona (Blanco) - Celler Mas Ramoneda\" \/>\n<meta property=\"og:description\" content=\"El Vola Vola Papallona Blanco es un vino blanco joven de la a\u00f1ada 2022 elaborado con Garnacha Blanca y Viognier. Destaca por su frescura, caracter\u00edstica de la garnacha blanca, y su gusto afrutado, que se alarga elegantemente en el paladar.\" \/>\n<meta property=\"og:url\" content=\"https:\/\/masramoneda.com\/es\/producto\/vola-vola-papallona-blanc\/\" \/>\n<meta property=\"og:site_name\" content=\"Celler Mas Ramoneda\" \/>\n<meta property=\"article:publisher\" content=\"https:\/\/www.facebook.com\/masramoneda\" \/>\n<meta property=\"article:modified_time\" content=\"2026-03-30T10:05:36+00:00\" \/>\n<meta property=\"og:image\" content=\"https:\/\/masramoneda.com\/wp-content\/uploads\/2024\/12\/Vola-Vola-Blanc.png\" \/>\n\t<meta property=\"og:image:width\" content=\"270\" \/>\n\t<meta property=\"og:image:height\" content=\"270\" \/>\n\t<meta property=\"og:image:type\" content=\"image\/png\" \/>\n<meta name=\"twitter:card\" content=\"summary_large_image\" \/>\n<meta name=\"twitter:label1\" content=\"Tiempo de lectura\" \/>\n\t<meta name=\"twitter:data1\" content=\"1 minuto\" \/>\n<script type=\"application\/ld+json\" class=\"yoast-schema-graph\">{\"@context\":\"https:\\\/\\\/schema.org\",\"@graph\":[{\"@type\":\"WebPage\",\"@id\":\"https:\\\/\\\/masramoneda.com\\\/es\\\/producto\\\/vola-vola-papallona-blanc\\\/\",\"url\":\"https:\\\/\\\/masramoneda.com\\\/es\\\/producto\\\/vola-vola-papallona-blanc\\\/\",\"name\":\"Vola Vola Papallona (Blanco) - Celler Mas Ramoneda\",\"isPartOf\":{\"@id\":\"https:\\\/\\\/masramoneda.com\\\/es\\\/#website\"},\"primaryImageOfPage\":{\"@id\":\"https:\\\/\\\/masramoneda.com\\\/es\\\/producto\\\/vola-vola-papallona-blanc\\\/#primaryimage\"},\"image\":{\"@id\":\"https:\\\/\\\/masramoneda.com\\\/es\\\/producto\\\/vola-vola-papallona-blanc\\\/#primaryimage\"},\"thumbnailUrl\":\"https:\\\/\\\/masramoneda.com\\\/wp-content\\\/uploads\\\/2024\\\/12\\\/Vola-Vola-Blanc.png\",\"datePublished\":\"2024-12-09T18:21:06+00:00\",\"dateModified\":\"2026-03-30T10:05:36+00:00\",\"breadcrumb\":{\"@id\":\"https:\\\/\\\/masramoneda.com\\\/es\\\/producto\\\/vola-vola-papallona-blanc\\\/#breadcrumb\"},\"inLanguage\":\"es\",\"potentialAction\":[{\"@type\":\"ReadAction\",\"target\":[\"https:\\\/\\\/masramoneda.com\\\/es\\\/producto\\\/vola-vola-papallona-blanc\\\/\"]}]},{\"@type\":\"ImageObject\",\"inLanguage\":\"es\",\"@id\":\"https:\\\/\\\/masramoneda.com\\\/es\\\/producto\\\/vola-vola-papallona-blanc\\\/#primaryimage\",\"url\":\"https:\\\/\\\/masramoneda.com\\\/wp-content\\\/uploads\\\/2024\\\/12\\\/Vola-Vola-Blanc.png\",\"contentUrl\":\"https:\\\/\\\/masramoneda.com\\\/wp-content\\\/uploads\\\/2024\\\/12\\\/Vola-Vola-Blanc.png\",\"width\":270,\"height\":270},{\"@type\":\"BreadcrumbList\",\"@id\":\"https:\\\/\\\/masramoneda.com\\\/es\\\/producto\\\/vola-vola-papallona-blanc\\\/#breadcrumb\",\"itemListElement\":[{\"@type\":\"ListItem\",\"position\":1,\"name\":\"Inicio\",\"item\":\"https:\\\/\\\/masramoneda.com\\\/es\\\/\"},{\"@type\":\"ListItem\",\"position\":2,\"name\":\"Shop\",\"item\":\"https:\\\/\\\/masramoneda.com\\\/es\\\/shop\\\/\"},{\"@type\":\"ListItem\",\"position\":3,\"name\":\"Vola Vola Papallona (Blanco)\"}]},{\"@type\":\"WebSite\",\"@id\":\"https:\\\/\\\/masramoneda.com\\\/es\\\/#website\",\"url\":\"https:\\\/\\\/masramoneda.com\\\/es\\\/\",\"name\":\"Celler Mas Ramoneda\",\"description\":\"\",\"publisher\":{\"@id\":\"https:\\\/\\\/masramoneda.com\\\/es\\\/#organization\"},\"potentialAction\":[{\"@type\":\"SearchAction\",\"target\":{\"@type\":\"EntryPoint\",\"urlTemplate\":\"https:\\\/\\\/masramoneda.com\\\/es\\\/?s={search_term_string}\"},\"query-input\":{\"@type\":\"PropertyValueSpecification\",\"valueRequired\":true,\"valueName\":\"search_term_string\"}}],\"inLanguage\":\"es\"},{\"@type\":\"Organization\",\"@id\":\"https:\\\/\\\/masramoneda.com\\\/es\\\/#organization\",\"name\":\"Celler Mas Ramoneda\",\"url\":\"https:\\\/\\\/masramoneda.com\\\/es\\\/\",\"logo\":{\"@type\":\"ImageObject\",\"inLanguage\":\"es\",\"@id\":\"https:\\\/\\\/masramoneda.com\\\/es\\\/#\\\/schema\\\/logo\\\/image\\\/\",\"url\":\"https:\\\/\\\/masramoneda.com\\\/wp-content\\\/uploads\\\/2023\\\/02\\\/celler-mas-ramoneda-logo.png\",\"contentUrl\":\"https:\\\/\\\/masramoneda.com\\\/wp-content\\\/uploads\\\/2023\\\/02\\\/celler-mas-ramoneda-logo.png\",\"width\":225,\"height\":96,\"caption\":\"Celler Mas Ramoneda\"},\"image\":{\"@id\":\"https:\\\/\\\/masramoneda.com\\\/es\\\/#\\\/schema\\\/logo\\\/image\\\/\"},\"sameAs\":[\"https:\\\/\\\/www.facebook.com\\\/masramoneda\",\"https:\\\/\\\/www.instagram.com\\\/masramoneda\\\/\",\"https:\\\/\\\/www.linkedin.com\\\/company\\\/masramoneda\\\/\"]}]}<\/script>\n<!-- \/ Yoast SEO plugin. -->","yoast_head_json":{"title":"Vola Vola Papallona (Blanco) - Celler Mas Ramoneda","robots":{"index":"index","follow":"follow","max-snippet":"max-snippet:-1","max-image-preview":"max-image-preview:large","max-video-preview":"max-video-preview:-1"},"canonical":"https:\/\/masramoneda.com\/es\/producto\/vola-vola-papallona-blanc\/","og_locale":"es_ES","og_type":"article","og_title":"Vola Vola Papallona (Blanco) - Celler Mas Ramoneda","og_description":"El Vola Vola Papallona Blanco es un vino blanco joven de la a\u00f1ada 2022 elaborado con Garnacha Blanca y Viognier. Destaca por su frescura, caracter\u00edstica de la garnacha blanca, y su gusto afrutado, que se alarga elegantemente en el paladar.","og_url":"https:\/\/masramoneda.com\/es\/producto\/vola-vola-papallona-blanc\/","og_site_name":"Celler Mas Ramoneda","article_publisher":"https:\/\/www.facebook.com\/masramoneda","article_modified_time":"2026-03-30T10:05:36+00:00","og_image":[{"width":270,"height":270,"url":"https:\/\/masramoneda.com\/wp-content\/uploads\/2024\/12\/Vola-Vola-Blanc.png","type":"image\/png"}],"twitter_card":"summary_large_image","twitter_misc":{"Tiempo de lectura":"1 minuto"},"schema":{"@context":"https:\/\/schema.org","@graph":[{"@type":"WebPage","@id":"https:\/\/masramoneda.com\/es\/producto\/vola-vola-papallona-blanc\/","url":"https:\/\/masramoneda.com\/es\/producto\/vola-vola-papallona-blanc\/","name":"Vola Vola Papallona (Blanco) - Celler Mas Ramoneda","isPartOf":{"@id":"https:\/\/masramoneda.com\/es\/#website"},"primaryImageOfPage":{"@id":"https:\/\/masramoneda.com\/es\/producto\/vola-vola-papallona-blanc\/#primaryimage"},"image":{"@id":"https:\/\/masramoneda.com\/es\/producto\/vola-vola-papallona-blanc\/#primaryimage"},"thumbnailUrl":"https:\/\/masramoneda.com\/wp-content\/uploads\/2024\/12\/Vola-Vola-Blanc.png","datePublished":"2024-12-09T18:21:06+00:00","dateModified":"2026-03-30T10:05:36+00:00","breadcrumb":{"@id":"https:\/\/masramoneda.com\/es\/producto\/vola-vola-papallona-blanc\/#breadcrumb"},"inLanguage":"es","potentialAction":[{"@type":"ReadAction","target":["https:\/\/masramoneda.com\/es\/producto\/vola-vola-papallona-blanc\/"]}]},{"@type":"ImageObject","inLanguage":"es","@id":"https:\/\/masramoneda.com\/es\/producto\/vola-vola-papallona-blanc\/#primaryimage","url":"https:\/\/masramoneda.com\/wp-content\/uploads\/2024\/12\/Vola-Vola-Blanc.png","contentUrl":"https:\/\/masramoneda.com\/wp-content\/uploads\/2024\/12\/Vola-Vola-Blanc.png","width":270,"height":270},{"@type":"BreadcrumbList","@id":"https:\/\/masramoneda.com\/es\/producto\/vola-vola-papallona-blanc\/#breadcrumb","itemListElement":[{"@type":"ListItem","position":1,"name":"Inicio","item":"https:\/\/masramoneda.com\/es\/"},{"@type":"ListItem","position":2,"name":"Shop","item":"https:\/\/masramoneda.com\/es\/shop\/"},{"@type":"ListItem","position":3,"name":"Vola Vola Papallona (Blanco)"}]},{"@type":"WebSite","@id":"https:\/\/masramoneda.com\/es\/#website","url":"https:\/\/masramoneda.com\/es\/","name":"Celler Mas Ramoneda","description":"","publisher":{"@id":"https:\/\/masramoneda.com\/es\/#organization"},"potentialAction":[{"@type":"SearchAction","target":{"@type":"EntryPoint","urlTemplate":"https:\/\/masramoneda.com\/es\/?s={search_term_string}"},"query-input":{"@type":"PropertyValueSpecification","valueRequired":true,"valueName":"search_term_string"}}],"inLanguage":"es"},{"@type":"Organization","@id":"https:\/\/masramoneda.com\/es\/#organization","name":"Celler Mas Ramoneda","url":"https:\/\/masramoneda.com\/es\/","logo":{"@type":"ImageObject","inLanguage":"es","@id":"https:\/\/masramoneda.com\/es\/#\/schema\/logo\/image\/","url":"https:\/\/masramoneda.com\/wp-content\/uploads\/2023\/02\/celler-mas-ramoneda-logo.png","contentUrl":"https:\/\/masramoneda.com\/wp-content\/uploads\/2023\/02\/celler-mas-ramoneda-logo.png","width":225,"height":96,"caption":"Celler Mas Ramoneda"},"image":{"@id":"https:\/\/masramoneda.com\/es\/#\/schema\/logo\/image\/"},"sameAs":["https:\/\/www.facebook.com\/masramoneda","https:\/\/www.instagram.com\/masramoneda\/","https:\/\/www.linkedin.com\/company\/masramoneda\/"]}]}},"_links":{"self":[{"href":"https:\/\/masramoneda.com\/es\/wp-json\/wp\/v2\/product\/11506","targetHints":{"allow":["GET"]}}],"collection":[{"href":"https:\/\/masramoneda.com\/es\/wp-json\/wp\/v2\/product"}],"about":[{"href":"https:\/\/masramoneda.com\/es\/wp-json\/wp\/v2\/types\/product"}],"version-history":[{"count":5,"href":"https:\/\/masramoneda.com\/es\/wp-json\/wp\/v2\/product\/11506\/revisions"}],"predecessor-version":[{"id":11787,"href":"https:\/\/masramoneda.com\/es\/wp-json\/wp\/v2\/product\/11506\/revisions\/11787"}],"wp:featuredmedia":[{"embeddable":true,"href":"https:\/\/masramoneda.com\/es\/wp-json\/wp\/v2\/media\/11743"}],"wp:attachment":[{"href":"https:\/\/masramoneda.com\/es\/wp-json\/wp\/v2\/media?parent=11506"}],"wp:term":[{"taxonomy":"product_brand","embeddable":true,"href":"https:\/\/masramoneda.com\/es\/wp-json\/wp\/v2\/product_brand?post=11506"},{"taxonomy":"product_cat","embeddable":true,"href":"https:\/\/masramoneda.com\/es\/wp-json\/wp\/v2\/product_cat?post=11506"},{"taxonomy":"product_tag","embeddable":true,"href":"https:\/\/masramoneda.com\/es\/wp-json\/wp\/v2\/product_tag?post=11506"}],"curies":[{"name":"wp","href":"https:\/\/api.w.org\/{rel}","templated":true}]}}