{"id":11574,"date":"2020-12-09T21:09:29","date_gmt":"2020-12-09T19:09:29","guid":{"rendered":"https:\/\/masramoneda.com\/?post_type=product&#038;p=11574"},"modified":"2026-03-30T12:06:48","modified_gmt":"2026-03-30T10:06:48","slug":"perdiu-roure","status":"publish","type":"product","link":"https:\/\/masramoneda.com\/es\/producto\/perdiu-roure\/","title":{"rendered":"Perdiu Roure"},"content":{"rendered":"<p><strong>VINO BLANCO DE NOIR. A\u00d1ADA 2017<\/strong><\/p>\n<p>Variedades: Garnacha tinta<\/p>\n<p>Edad de las Vi\u00f1as: 10 a\u00f1os<\/p>\n<p>Altura de las vi\u00f1as: 460 metros<\/p>\n<p>Rendimiento: 9500 kg \/ Ha<\/p>\n<p>Alcohol: 12.5%<\/p>\n<p><strong>COLOR<\/strong><\/p>\n<p>Color amarillo brillante con tonos grises debido al color de la piel de la uva<\/p>\n<p><strong>AROMA<\/strong><\/p>\n<p>A flores y fruta blanca, dando un toque muy fresco y al mismo tiempo se destaca y se vislumbra una profundidad y unos recuerdos a algo que se esconde, como refleja su nombre.<\/p>\n<p><strong>GUSTO<\/strong><\/p>\n<p>Una entrada con sensaci\u00f3n dulce, un paso alegre y amable por la boca con un final redondo expresando todos los caracteres de este vino blanco de noir.<\/p>\n<p><strong>MARIDAJE<\/strong><\/p>\n<p>Muy apropiado con jam\u00f3n y embutidos ib\u00e9ricos, caldos, verduras estofadas y todo tipo de carnes blancas y pescados<\/p>\n","protected":false},"excerpt":{"rendered":"<p>El <em>Perdiu Roure<\/em> es un vino tinto fermentado y posteriormente criado durante 6 meses en foudres de roble franc\u00e9s extrafino y 1 a\u00f1o en botella. Elaborado con una combinaci\u00f3n de todas nuestras variedades negras, este vino afrutado ofrece una experiencia suave y equilibrada que transmite car\u00e1cter y frescura.<\/p>\n","protected":false},"featured_media":11747,"template":"","meta":[],"product_brand":[],"product_cat":[61],"product_tag":[],"class_list":{"0":"post-11574","1":"product","2":"type-product","3":"status-publish","4":"has-post-thumbnail","6":"product_cat-nuestros-vinos","9":"first","10":"instock","11":"taxable","12":"shipping-taxable","13":"purchasable","14":"product-type-simple"},"yoast_head":"<!-- This site is optimized with the Yoast SEO plugin v27.5 - https:\/\/yoast.com\/product\/yoast-seo-wordpress\/ -->\n<title>Perdiu Roure - Celler Mas Ramoneda<\/title>\n<meta name=\"robots\" content=\"index, follow, max-snippet:-1, max-image-preview:large, max-video-preview:-1\" \/>\n<link rel=\"canonical\" href=\"https:\/\/masramoneda.com\/es\/producto\/perdiu-roure\/\" \/>\n<meta property=\"og:locale\" content=\"es_ES\" \/>\n<meta property=\"og:type\" content=\"article\" \/>\n<meta property=\"og:title\" content=\"Perdiu Roure - Celler Mas Ramoneda\" \/>\n<meta property=\"og:description\" content=\"El Perdiu Roure es un vino tinto fermentado y posteriormente criado durante 6 meses en foudres de roble franc\u00e9s extrafino y 1 a\u00f1o en botella. Elaborado con una combinaci\u00f3n de todas nuestras variedades negras, este vino afrutado ofrece una experiencia suave y equilibrada que transmite car\u00e1cter y frescura.\" \/>\n<meta property=\"og:url\" content=\"https:\/\/masramoneda.com\/es\/producto\/perdiu-roure\/\" \/>\n<meta property=\"og:site_name\" content=\"Celler Mas Ramoneda\" \/>\n<meta property=\"article:publisher\" content=\"https:\/\/www.facebook.com\/masramoneda\" \/>\n<meta property=\"article:modified_time\" content=\"2026-03-30T10:06:48+00:00\" \/>\n<meta property=\"og:image\" content=\"https:\/\/masramoneda.com\/wp-content\/uploads\/2020\/12\/Perdiu.png\" \/>\n\t<meta property=\"og:image:width\" content=\"270\" \/>\n\t<meta property=\"og:image:height\" content=\"270\" \/>\n\t<meta property=\"og:image:type\" content=\"image\/png\" \/>\n<meta name=\"twitter:card\" content=\"summary_large_image\" \/>\n<meta name=\"twitter:label1\" content=\"Tiempo de lectura\" \/>\n\t<meta name=\"twitter:data1\" content=\"1 minuto\" \/>\n<script type=\"application\/ld+json\" class=\"yoast-schema-graph\">{\"@context\":\"https:\\\/\\\/schema.org\",\"@graph\":[{\"@type\":\"WebPage\",\"@id\":\"https:\\\/\\\/masramoneda.com\\\/es\\\/producto\\\/perdiu-roure\\\/\",\"url\":\"https:\\\/\\\/masramoneda.com\\\/es\\\/producto\\\/perdiu-roure\\\/\",\"name\":\"Perdiu Roure - Celler Mas Ramoneda\",\"isPartOf\":{\"@id\":\"https:\\\/\\\/masramoneda.com\\\/es\\\/#website\"},\"primaryImageOfPage\":{\"@id\":\"https:\\\/\\\/masramoneda.com\\\/es\\\/producto\\\/perdiu-roure\\\/#primaryimage\"},\"image\":{\"@id\":\"https:\\\/\\\/masramoneda.com\\\/es\\\/producto\\\/perdiu-roure\\\/#primaryimage\"},\"thumbnailUrl\":\"https:\\\/\\\/masramoneda.com\\\/wp-content\\\/uploads\\\/2020\\\/12\\\/Perdiu.png\",\"datePublished\":\"2020-12-09T19:09:29+00:00\",\"dateModified\":\"2026-03-30T10:06:48+00:00\",\"breadcrumb\":{\"@id\":\"https:\\\/\\\/masramoneda.com\\\/es\\\/producto\\\/perdiu-roure\\\/#breadcrumb\"},\"inLanguage\":\"es\",\"potentialAction\":[{\"@type\":\"ReadAction\",\"target\":[\"https:\\\/\\\/masramoneda.com\\\/es\\\/producto\\\/perdiu-roure\\\/\"]}]},{\"@type\":\"ImageObject\",\"inLanguage\":\"es\",\"@id\":\"https:\\\/\\\/masramoneda.com\\\/es\\\/producto\\\/perdiu-roure\\\/#primaryimage\",\"url\":\"https:\\\/\\\/masramoneda.com\\\/wp-content\\\/uploads\\\/2020\\\/12\\\/Perdiu.png\",\"contentUrl\":\"https:\\\/\\\/masramoneda.com\\\/wp-content\\\/uploads\\\/2020\\\/12\\\/Perdiu.png\",\"width\":270,\"height\":270},{\"@type\":\"BreadcrumbList\",\"@id\":\"https:\\\/\\\/masramoneda.com\\\/es\\\/producto\\\/perdiu-roure\\\/#breadcrumb\",\"itemListElement\":[{\"@type\":\"ListItem\",\"position\":1,\"name\":\"Inicio\",\"item\":\"https:\\\/\\\/masramoneda.com\\\/es\\\/\"},{\"@type\":\"ListItem\",\"position\":2,\"name\":\"Shop\",\"item\":\"https:\\\/\\\/masramoneda.com\\\/es\\\/shop\\\/\"},{\"@type\":\"ListItem\",\"position\":3,\"name\":\"Perdiu Roure\"}]},{\"@type\":\"WebSite\",\"@id\":\"https:\\\/\\\/masramoneda.com\\\/es\\\/#website\",\"url\":\"https:\\\/\\\/masramoneda.com\\\/es\\\/\",\"name\":\"Celler Mas Ramoneda\",\"description\":\"\",\"publisher\":{\"@id\":\"https:\\\/\\\/masramoneda.com\\\/es\\\/#organization\"},\"potentialAction\":[{\"@type\":\"SearchAction\",\"target\":{\"@type\":\"EntryPoint\",\"urlTemplate\":\"https:\\\/\\\/masramoneda.com\\\/es\\\/?s={search_term_string}\"},\"query-input\":{\"@type\":\"PropertyValueSpecification\",\"valueRequired\":true,\"valueName\":\"search_term_string\"}}],\"inLanguage\":\"es\"},{\"@type\":\"Organization\",\"@id\":\"https:\\\/\\\/masramoneda.com\\\/es\\\/#organization\",\"name\":\"Celler Mas Ramoneda\",\"url\":\"https:\\\/\\\/masramoneda.com\\\/es\\\/\",\"logo\":{\"@type\":\"ImageObject\",\"inLanguage\":\"es\",\"@id\":\"https:\\\/\\\/masramoneda.com\\\/es\\\/#\\\/schema\\\/logo\\\/image\\\/\",\"url\":\"https:\\\/\\\/masramoneda.com\\\/wp-content\\\/uploads\\\/2023\\\/02\\\/celler-mas-ramoneda-logo.png\",\"contentUrl\":\"https:\\\/\\\/masramoneda.com\\\/wp-content\\\/uploads\\\/2023\\\/02\\\/celler-mas-ramoneda-logo.png\",\"width\":225,\"height\":96,\"caption\":\"Celler Mas Ramoneda\"},\"image\":{\"@id\":\"https:\\\/\\\/masramoneda.com\\\/es\\\/#\\\/schema\\\/logo\\\/image\\\/\"},\"sameAs\":[\"https:\\\/\\\/www.facebook.com\\\/masramoneda\",\"https:\\\/\\\/www.instagram.com\\\/masramoneda\\\/\",\"https:\\\/\\\/www.linkedin.com\\\/company\\\/masramoneda\\\/\"]}]}<\/script>\n<!-- \/ Yoast SEO plugin. -->","yoast_head_json":{"title":"Perdiu Roure - Celler Mas Ramoneda","robots":{"index":"index","follow":"follow","max-snippet":"max-snippet:-1","max-image-preview":"max-image-preview:large","max-video-preview":"max-video-preview:-1"},"canonical":"https:\/\/masramoneda.com\/es\/producto\/perdiu-roure\/","og_locale":"es_ES","og_type":"article","og_title":"Perdiu Roure - Celler Mas Ramoneda","og_description":"El Perdiu Roure es un vino tinto fermentado y posteriormente criado durante 6 meses en foudres de roble franc\u00e9s extrafino y 1 a\u00f1o en botella. Elaborado con una combinaci\u00f3n de todas nuestras variedades negras, este vino afrutado ofrece una experiencia suave y equilibrada que transmite car\u00e1cter y frescura.","og_url":"https:\/\/masramoneda.com\/es\/producto\/perdiu-roure\/","og_site_name":"Celler Mas Ramoneda","article_publisher":"https:\/\/www.facebook.com\/masramoneda","article_modified_time":"2026-03-30T10:06:48+00:00","og_image":[{"width":270,"height":270,"url":"https:\/\/masramoneda.com\/wp-content\/uploads\/2020\/12\/Perdiu.png","type":"image\/png"}],"twitter_card":"summary_large_image","twitter_misc":{"Tiempo de lectura":"1 minuto"},"schema":{"@context":"https:\/\/schema.org","@graph":[{"@type":"WebPage","@id":"https:\/\/masramoneda.com\/es\/producto\/perdiu-roure\/","url":"https:\/\/masramoneda.com\/es\/producto\/perdiu-roure\/","name":"Perdiu Roure - Celler Mas Ramoneda","isPartOf":{"@id":"https:\/\/masramoneda.com\/es\/#website"},"primaryImageOfPage":{"@id":"https:\/\/masramoneda.com\/es\/producto\/perdiu-roure\/#primaryimage"},"image":{"@id":"https:\/\/masramoneda.com\/es\/producto\/perdiu-roure\/#primaryimage"},"thumbnailUrl":"https:\/\/masramoneda.com\/wp-content\/uploads\/2020\/12\/Perdiu.png","datePublished":"2020-12-09T19:09:29+00:00","dateModified":"2026-03-30T10:06:48+00:00","breadcrumb":{"@id":"https:\/\/masramoneda.com\/es\/producto\/perdiu-roure\/#breadcrumb"},"inLanguage":"es","potentialAction":[{"@type":"ReadAction","target":["https:\/\/masramoneda.com\/es\/producto\/perdiu-roure\/"]}]},{"@type":"ImageObject","inLanguage":"es","@id":"https:\/\/masramoneda.com\/es\/producto\/perdiu-roure\/#primaryimage","url":"https:\/\/masramoneda.com\/wp-content\/uploads\/2020\/12\/Perdiu.png","contentUrl":"https:\/\/masramoneda.com\/wp-content\/uploads\/2020\/12\/Perdiu.png","width":270,"height":270},{"@type":"BreadcrumbList","@id":"https:\/\/masramoneda.com\/es\/producto\/perdiu-roure\/#breadcrumb","itemListElement":[{"@type":"ListItem","position":1,"name":"Inicio","item":"https:\/\/masramoneda.com\/es\/"},{"@type":"ListItem","position":2,"name":"Shop","item":"https:\/\/masramoneda.com\/es\/shop\/"},{"@type":"ListItem","position":3,"name":"Perdiu Roure"}]},{"@type":"WebSite","@id":"https:\/\/masramoneda.com\/es\/#website","url":"https:\/\/masramoneda.com\/es\/","name":"Celler Mas Ramoneda","description":"","publisher":{"@id":"https:\/\/masramoneda.com\/es\/#organization"},"potentialAction":[{"@type":"SearchAction","target":{"@type":"EntryPoint","urlTemplate":"https:\/\/masramoneda.com\/es\/?s={search_term_string}"},"query-input":{"@type":"PropertyValueSpecification","valueRequired":true,"valueName":"search_term_string"}}],"inLanguage":"es"},{"@type":"Organization","@id":"https:\/\/masramoneda.com\/es\/#organization","name":"Celler Mas Ramoneda","url":"https:\/\/masramoneda.com\/es\/","logo":{"@type":"ImageObject","inLanguage":"es","@id":"https:\/\/masramoneda.com\/es\/#\/schema\/logo\/image\/","url":"https:\/\/masramoneda.com\/wp-content\/uploads\/2023\/02\/celler-mas-ramoneda-logo.png","contentUrl":"https:\/\/masramoneda.com\/wp-content\/uploads\/2023\/02\/celler-mas-ramoneda-logo.png","width":225,"height":96,"caption":"Celler Mas Ramoneda"},"image":{"@id":"https:\/\/masramoneda.com\/es\/#\/schema\/logo\/image\/"},"sameAs":["https:\/\/www.facebook.com\/masramoneda","https:\/\/www.instagram.com\/masramoneda\/","https:\/\/www.linkedin.com\/company\/masramoneda\/"]}]}},"_links":{"self":[{"href":"https:\/\/masramoneda.com\/es\/wp-json\/wp\/v2\/product\/11574","targetHints":{"allow":["GET"]}}],"collection":[{"href":"https:\/\/masramoneda.com\/es\/wp-json\/wp\/v2\/product"}],"about":[{"href":"https:\/\/masramoneda.com\/es\/wp-json\/wp\/v2\/types\/product"}],"version-history":[{"count":3,"href":"https:\/\/masramoneda.com\/es\/wp-json\/wp\/v2\/product\/11574\/revisions"}],"predecessor-version":[{"id":12162,"href":"https:\/\/masramoneda.com\/es\/wp-json\/wp\/v2\/product\/11574\/revisions\/12162"}],"wp:featuredmedia":[{"embeddable":true,"href":"https:\/\/masramoneda.com\/es\/wp-json\/wp\/v2\/media\/11747"}],"wp:attachment":[{"href":"https:\/\/masramoneda.com\/es\/wp-json\/wp\/v2\/media?parent=11574"}],"wp:term":[{"taxonomy":"product_brand","embeddable":true,"href":"https:\/\/masramoneda.com\/es\/wp-json\/wp\/v2\/product_brand?post=11574"},{"taxonomy":"product_cat","embeddable":true,"href":"https:\/\/masramoneda.com\/es\/wp-json\/wp\/v2\/product_cat?post=11574"},{"taxonomy":"product_tag","embeddable":true,"href":"https:\/\/masramoneda.com\/es\/wp-json\/wp\/v2\/product_tag?post=11574"}],"curies":[{"name":"wp","href":"https:\/\/api.w.org\/{rel}","templated":true}]}}